{"id":1420,"date":"2026-03-30T20:37:49","date_gmt":"2026-03-30T20:37:49","guid":{"rendered":"https:\/\/digilex.store\/?page_id=1420"},"modified":"2026-04-24T12:11:20","modified_gmt":"2026-04-24T12:11:20","slug":"kontrolni-i-nadzorni-centri","status":"publish","type":"page","link":"https:\/\/digilex.store\/en\/kontrolni-i-nadzorni-centri\/","title":{"rendered":"Control and surveillance centers"},"content":{"rendered":"\t\t<div data-elementor-type=\"wp-page\" data-elementor-id=\"1420\" class=\"elementor elementor-1420\" data-elementor-post-type=\"page\">\n\t\t\t\t<div class=\"elementor-element elementor-element-24f89304 e-flex e-con-boxed e-con e-parent\" data-id=\"24f89304\" data-element_type=\"container\" data-e-type=\"container\" data-settings=\"{&quot;background_background&quot;:&quot;classic&quot;}\">\n\t\t\t\t\t<div class=\"e-con-inner\">\n\t\t\t\t<div class=\"elementor-element elementor-element-109ba5bf elementor-widget elementor-widget-heading\" data-id=\"109ba5bf\" data-element_type=\"widget\" data-e-type=\"widget\" data-widget_type=\"heading.default\">\n\t\t\t\t<div class=\"elementor-widget-container\">\n\t\t\t\t\t<h1 class=\"elementor-heading-title elementor-size-default\">AV sistemi za kontrolne i nadzorne centre<\/h1>\t\t\t\t<\/div>\n\t\t\t\t<\/div>\n\t\t\t\t\t<\/div>\n\t\t\t\t<\/div>\n\t\t<div class=\"elementor-element elementor-element-3eee6a1 e-flex e-con-boxed e-con e-parent\" data-id=\"3eee6a1\" data-element_type=\"container\" data-e-type=\"container\" data-settings=\"{&quot;background_background&quot;:&quot;classic&quot;}\">\n\t\t\t\t\t<div class=\"e-con-inner\">\n\t\t<div class=\"elementor-element elementor-element-4ccbb24b e-con-full e-flex e-con e-child\" data-id=\"4ccbb24b\" data-element_type=\"container\" data-e-type=\"container\">\n\t\t\t\t<div class=\"elementor-element elementor-element-5caaa81a elementor-widget elementor-widget-text-editor\" data-id=\"5caaa81a\" data-element_type=\"widget\" data-e-type=\"widget\" data-widget_type=\"text-editor.default\">\n\t\t\t\t<div class=\"elementor-widget-container\">\n\t\t\t\t\t\t\t\t\t<p><span style=\"font-weight: 400;\">Kontrolni i nadzorni centri predstavljaju okru\u017eenja u kojima tehnologija mora da funkcioni\u0161e pouzdano i bez prekida. MOS-AV projektuje audio-video sisteme koji omogu\u0107avaju pregled velikog broja informacija i stabilan rad u prostorima gde se prati i upravlja razli\u010ditim operativnim procesima.<\/span><\/p><p><span style=\"font-weight: 400;\">Ova re\u0161enja obuhvataju video zidove, sisteme za distribuciju video signala, kontrolne sisteme, radne stanice i integraciju sa postoje\u0107im informacionim i mre\u017enim sistemima. Poseban fokus je na stabilnosti rada, preglednosti podataka i mogu\u0107nosti kontinuiranog rada sistema.<\/span><\/p><p><span style=\"font-weight: 400;\">Sistemi za kontrolne centre namenjeni su industrijskim postrojenjima, energetskim kompanijama, infrastrukturnim sistemima, bezbednosnim slu\u017ebama i drugim organizacijama koje upravljaju slo\u017eenim operacijama.<\/span><\/p>\t\t\t\t\t\t\t\t<\/div>\n\t\t\t\t<\/div>\n\t\t\t\t<\/div>\n\t\t\t\t\t<\/div>\n\t\t\t\t<\/div>\n\t\t<div class=\"elementor-element elementor-element-6c43c4f4 e-flex e-con-boxed e-con e-parent\" data-id=\"6c43c4f4\" data-element_type=\"container\" data-e-type=\"container\">\n\t\t\t\t\t<div class=\"e-con-inner\">\n\t\t<div class=\"elementor-element elementor-element-25bfe63b e-con-full e-flex e-con e-child\" data-id=\"25bfe63b\" data-element_type=\"container\" data-e-type=\"container\">\n\t\t\t\t<div class=\"elementor-element elementor-element-173fc271 elementor-widget elementor-widget-image\" data-id=\"173fc271\" data-element_type=\"widget\" data-e-type=\"widget\" data-widget_type=\"image.default\">\n\t\t\t\t<div class=\"elementor-widget-container\">\n\t\t\t\t\t\t\t\t\t\t\t\t\t\t\t<img fetchpriority=\"high\" decoding=\"async\" width=\"700\" height=\"700\" src=\"https:\/\/digilex.store\/wp-content\/uploads\/2026\/04\/comand-room.jpg\" class=\"attachment-large size-large wp-image-1619\" alt=\"\" srcset=\"https:\/\/digilex.store\/wp-content\/uploads\/2026\/04\/comand-room.jpg 700w, https:\/\/digilex.store\/wp-content\/uploads\/2026\/04\/comand-room-300x300.jpg 300w, https:\/\/digilex.store\/wp-content\/uploads\/2026\/04\/comand-room-150x150.jpg 150w\" sizes=\"(max-width: 700px) 100vw, 700px\" \/>\t\t\t\t\t\t\t\t\t\t\t\t\t\t\t<\/div>\n\t\t\t\t<\/div>\n\t\t\t\t<\/div>\n\t\t<div class=\"elementor-element elementor-element-318f6327 e-con-full e-flex e-con e-child\" data-id=\"318f6327\" data-element_type=\"container\" data-e-type=\"container\">\n\t\t\t\t<div class=\"elementor-element elementor-element-6ef1707 elementor-widget elementor-widget-heading\" data-id=\"6ef1707\" data-element_type=\"widget\" data-e-type=\"widget\" data-widget_type=\"heading.default\">\n\t\t\t\t<div class=\"elementor-widget-container\">\n\t\t\t\t\t<h2 class=\"elementor-heading-title elementor-size-default\">Okru\u017eenja u kojima se koriste\n<\/h2>\t\t\t\t<\/div>\n\t\t\t\t<\/div>\n\t\t\t\t<div class=\"elementor-element elementor-element-54d090ed elementor-widget elementor-widget-text-editor\" data-id=\"54d090ed\" data-element_type=\"widget\" data-e-type=\"widget\" data-widget_type=\"text-editor.default\">\n\t\t\t\t<div class=\"elementor-widget-container\">\n\t\t\t\t\t\t\t\t\t<p><span style=\"font-weight: 400;\">Audio-video sistemi za kontrolne i nadzorne centre projektuju se za prostore u kojima je potrebno stalno pra\u0107enje velikog broja informacija i brz pristup podacima. U ovakvim okru\u017eenjima tehnologija mora da obezbedi jasan pregled podataka i stabilan rad sistema tokom celog dana. Takvi sistemi naj\u010de\u0161\u0107e se koriste u:<\/span><\/p><ul><li style=\"font-weight: 400;\" aria-level=\"1\"><span style=\"font-weight: 400;\">energetskim i industrijskim postrojenjima<\/span><\/li><li style=\"font-weight: 400;\" aria-level=\"1\"><span style=\"font-weight: 400;\">transportnim i infrastrukturnim sistemima<\/span><\/li><li style=\"font-weight: 400;\" aria-level=\"1\"><span style=\"font-weight: 400;\">centrima za nadzor saobra\u0107aja<\/span><\/li><li style=\"font-weight: 400;\" aria-level=\"1\"><span style=\"font-weight: 400;\">bezbednosnim i kriznim centrima<\/span><\/li><li style=\"font-weight: 400;\" aria-level=\"1\"><span style=\"font-weight: 400;\">operativnim centrima kompanija<\/span><\/li><li style=\"font-weight: 400;\" aria-level=\"1\"><span style=\"font-weight: 400;\">sistemima za nadzor proizvodnih procesa<\/span><\/li><\/ul>\t\t\t\t\t\t\t\t<\/div>\n\t\t\t\t<\/div>\n\t\t\t\t<\/div>\n\t\t\t\t\t<\/div>\n\t\t\t\t<\/div>\n\t\t<div class=\"elementor-element elementor-element-7b7cddff e-flex e-con-boxed e-con e-parent\" data-id=\"7b7cddff\" data-element_type=\"container\" data-e-type=\"container\" data-settings=\"{&quot;background_background&quot;:&quot;classic&quot;}\">\n\t\t\t\t\t<div class=\"e-con-inner\">\n\t\t<div class=\"elementor-element elementor-element-38363ba e-con-full e-flex e-con e-child\" data-id=\"38363ba\" data-element_type=\"container\" data-e-type=\"container\">\n\t\t\t\t<div class=\"elementor-element elementor-element-62dc7a38 elementor-widget elementor-widget-heading\" data-id=\"62dc7a38\" data-element_type=\"widget\" data-e-type=\"widget\" data-widget_type=\"heading.default\">\n\t\t\t\t<div class=\"elementor-widget-container\">\n\t\t\t\t\t<h2 class=\"elementor-heading-title elementor-size-default\">\u0160ta obuhvata AV sistem za kontrolne centre\n<\/h2>\t\t\t\t<\/div>\n\t\t\t\t<\/div>\n\t\t\t\t<div class=\"elementor-element elementor-element-c95bd65 elementor-widget elementor-widget-text-editor\" data-id=\"c95bd65\" data-element_type=\"widget\" data-e-type=\"widget\" data-widget_type=\"text-editor.default\">\n\t\t\t\t<div class=\"elementor-widget-container\">\n\t\t\t\t\t\t\t\t\t<p><span style=\"font-weight: 400;\">Audio-video sistemi u kontrolnim centrima povezuju razli\u010dite izvore podataka i omogu\u0107avaju njihovo prikazivanje na velikim ekranima ili video zidovima kako bi operateri mogli brzo da analiziraju situaciju i donesu odluke.<\/span><\/p><p><span style=\"font-weight: 400;\">Ovi sistemi obi\u010dno uklju\u010duju:<\/span><\/p><ul><li style=\"font-weight: 400;\" aria-level=\"1\"><span style=\"font-weight: 400;\">video zidove za prikaz velikog broja informacija<\/span><\/li><li style=\"font-weight: 400;\" aria-level=\"1\"><span style=\"font-weight: 400;\">sisteme za distribuciju i upravljanje video signalima<\/span><\/li><li style=\"font-weight: 400;\" aria-level=\"1\"><span style=\"font-weight: 400;\">radne stanice za operatere<\/span><\/li><li style=\"font-weight: 400;\" aria-level=\"1\"><span style=\"font-weight: 400;\">sisteme za upravljanje i kontrolu prikaza<\/span><\/li><li style=\"font-weight: 400;\" aria-level=\"1\"><span style=\"font-weight: 400;\">integraciju sa postoje\u0107im informacionim i mre\u017enim sistemima<\/span><\/li><li style=\"font-weight: 400;\" aria-level=\"1\"><span style=\"font-weight: 400;\">sisteme za nadzor i upravljanje sadr\u017eajem<\/span><\/li><\/ul><p><span style=\"font-weight: 400;\">Sve komponente sistema projektuju se tako da rade kao jedinstvena celina i omogu\u0107avaju pouzdan i pregledan prikaz podataka.<\/span><\/p>\t\t\t\t\t\t\t\t<\/div>\n\t\t\t\t<\/div>\n\t\t\t\t<\/div>\n\t\t<div class=\"elementor-element elementor-element-5a6c4a70 e-con-full e-flex e-con e-child\" data-id=\"5a6c4a70\" data-element_type=\"container\" data-e-type=\"container\">\n\t\t\t\t<div class=\"elementor-element elementor-element-320cd35d elementor-widget elementor-widget-image\" data-id=\"320cd35d\" data-element_type=\"widget\" data-e-type=\"widget\" data-widget_type=\"image.default\">\n\t\t\t\t<div class=\"elementor-widget-container\">\n\t\t\t\t\t\t\t\t\t\t\t\t\t\t\t<img decoding=\"async\" width=\"700\" height=\"700\" src=\"https:\/\/digilex.store\/wp-content\/uploads\/2026\/04\/video-centar.jpg\" class=\"attachment-large size-large wp-image-1620\" alt=\"\" srcset=\"https:\/\/digilex.store\/wp-content\/uploads\/2026\/04\/video-centar.jpg 700w, https:\/\/digilex.store\/wp-content\/uploads\/2026\/04\/video-centar-300x300.jpg 300w, https:\/\/digilex.store\/wp-content\/uploads\/2026\/04\/video-centar-150x150.jpg 150w\" sizes=\"(max-width: 700px) 100vw, 700px\" \/>\t\t\t\t\t\t\t\t\t\t\t\t\t\t\t<\/div>\n\t\t\t\t<\/div>\n\t\t\t\t<\/div>\n\t\t\t\t\t<\/div>\n\t\t\t\t<\/div>\n\t\t<div class=\"elementor-element elementor-element-22ab91c4 e-flex e-con-boxed e-con e-parent\" data-id=\"22ab91c4\" data-element_type=\"container\" data-e-type=\"container\">\n\t\t\t\t\t<div class=\"e-con-inner\">\n\t\t<div class=\"elementor-element elementor-element-18e840bb e-con-full e-flex e-con e-child\" data-id=\"18e840bb\" data-element_type=\"container\" data-e-type=\"container\">\n\t\t\t\t<div class=\"elementor-element elementor-element-2b762aea elementor-widget elementor-widget-image\" data-id=\"2b762aea\" data-element_type=\"widget\" data-e-type=\"widget\" data-widget_type=\"image.default\">\n\t\t\t\t<div class=\"elementor-widget-container\">\n\t\t\t\t\t\t\t\t\t\t\t\t\t\t\t<img decoding=\"async\" width=\"700\" height=\"700\" src=\"https:\/\/digilex.store\/wp-content\/uploads\/2026\/04\/empty-video-centar.jpg\" class=\"attachment-large size-large wp-image-1621\" alt=\"\" srcset=\"https:\/\/digilex.store\/wp-content\/uploads\/2026\/04\/empty-video-centar.jpg 700w, https:\/\/digilex.store\/wp-content\/uploads\/2026\/04\/empty-video-centar-300x300.jpg 300w, https:\/\/digilex.store\/wp-content\/uploads\/2026\/04\/empty-video-centar-150x150.jpg 150w\" sizes=\"(max-width: 700px) 100vw, 700px\" \/>\t\t\t\t\t\t\t\t\t\t\t\t\t\t\t<\/div>\n\t\t\t\t<\/div>\n\t\t\t\t<\/div>\n\t\t<div class=\"elementor-element elementor-element-45d06cb2 e-con-full e-flex e-con e-child\" data-id=\"45d06cb2\" data-element_type=\"container\" data-e-type=\"container\">\n\t\t\t\t<div class=\"elementor-element elementor-element-3ca371ee elementor-widget elementor-widget-heading\" data-id=\"3ca371ee\" data-element_type=\"widget\" data-e-type=\"widget\" data-widget_type=\"heading.default\">\n\t\t\t\t<div class=\"elementor-widget-container\">\n\t\t\t\t\t<h2 class=\"elementor-heading-title elementor-size-default\">Stabilnost i neprekidan rad sistema\n<\/h2>\t\t\t\t<\/div>\n\t\t\t\t<\/div>\n\t\t\t\t<div class=\"elementor-element elementor-element-7ab0b552 elementor-widget elementor-widget-text-editor\" data-id=\"7ab0b552\" data-element_type=\"widget\" data-e-type=\"widget\" data-widget_type=\"text-editor.default\">\n\t\t\t\t<div class=\"elementor-widget-container\">\n\t\t\t\t\t\t\t\t\t<p><span style=\"font-weight: 400;\">Za kontrolne i nadzorne centre klju\u010dna je mogu\u0107nost neprekidnog rada sistema. Audio-video infrastruktura mora biti projektovana tako da podr\u017ei kontinuirano funkcionisanje i u zahtevnim operativnim uslovima.<\/span><\/p><p><span style=\"font-weight: 400;\">MOS-AV projektuje sisteme koji omogu\u0107avaju dugotrajan rad, stabilan prenos signala i jasnu organizaciju prikaza informacija na ekranima i video zidovima. Posebna pa\u017enja posve\u0107uje se pouzdanosti opreme, kvalitetu instalacije i testiranju sistema pre pu\u0161tanja u rad.<\/span><\/p>\t\t\t\t\t\t\t\t<\/div>\n\t\t\t\t<\/div>\n\t\t\t\t<\/div>\n\t\t\t\t\t<\/div>\n\t\t\t\t<\/div>\n\t\t<div class=\"elementor-element elementor-element-1a8e287 e-flex e-con-boxed e-con e-parent\" data-id=\"1a8e287\" data-element_type=\"container\" data-e-type=\"container\">\n\t\t\t\t\t<div class=\"e-con-inner\">\n\t\t<div class=\"elementor-element elementor-element-75a5244 e-con-full e-flex e-con e-child\" data-id=\"75a5244\" data-element_type=\"container\" data-e-type=\"container\">\n\t\t\t\t<div class=\"elementor-element elementor-element-45c5441 elementor-widget elementor-widget-heading\" data-id=\"45c5441\" data-element_type=\"widget\" data-e-type=\"widget\" data-widget_type=\"heading.default\">\n\t\t\t\t<div class=\"elementor-widget-container\">\n\t\t\t\t\t<h2 class=\"elementor-heading-title elementor-size-default\">Kompletna realizacija sistema<\/h2>\t\t\t\t<\/div>\n\t\t\t\t<\/div>\n\t\t\t\t<div class=\"elementor-element elementor-element-aafc8c3 elementor-widget elementor-widget-text-editor\" data-id=\"aafc8c3\" data-element_type=\"widget\" data-e-type=\"widget\" data-widget_type=\"text-editor.default\">\n\t\t\t\t<div class=\"elementor-widget-container\">\n\t\t\t\t\t\t\t\t\t<p><span style=\"font-weight: 400;\">MOS-AV realizuje projekte za kontrolne centre kroz jasno definisan proces koji obuhvata sve faze razvoja sistema.<\/span><\/p><p><span style=\"font-weight: 400;\">Proces obi\u010dno uklju\u010duje:<\/span><\/p><ul><li style=\"font-weight: 400;\" aria-level=\"1\"><span style=\"font-weight: 400;\">analizu potreba i operativnih zahteva<\/span><\/li><li style=\"font-weight: 400;\" aria-level=\"1\"><span style=\"font-weight: 400;\">projektovanje i tehni\u010dko planiranje sistema<\/span><\/li><li style=\"font-weight: 400;\" aria-level=\"1\"><span style=\"font-weight: 400;\">izbor i nabavku profesionalne opreme<\/span><\/li><li style=\"font-weight: 400;\" aria-level=\"1\"><span style=\"font-weight: 400;\">instalaciju i integraciju sistema<\/span><\/li><li style=\"font-weight: 400;\" aria-level=\"1\"><span style=\"font-weight: 400;\">testiranje i pu\u0161tanje u rad<\/span><\/li><li style=\"font-weight: 400;\" aria-level=\"1\"><span style=\"font-weight: 400;\">obuku operatera i korisnika<\/span><\/li><li style=\"font-weight: 400;\" aria-level=\"1\"><span style=\"font-weight: 400;\">odr\u017eavanje i tehni\u010dku podr\u0161ku<\/span><\/li><\/ul><p><span style=\"font-weight: 400;\">Ovakav pristup omogu\u0107ava da sistemi budu pouzdani, pregledni i prilago\u0111eni svakodnevnom radu operativnih timova.<\/span><\/p>\t\t\t\t\t\t\t\t<\/div>\n\t\t\t\t<\/div>\n\t\t\t\t<\/div>\n\t\t<div class=\"elementor-element elementor-element-ddf7831 e-con-full e-flex e-con e-child\" data-id=\"ddf7831\" data-element_type=\"container\" data-e-type=\"container\">\n\t\t\t\t<div class=\"elementor-element elementor-element-25fc621 elementor-widget elementor-widget-image\" data-id=\"25fc621\" data-element_type=\"widget\" data-e-type=\"widget\" data-widget_type=\"image.default\">\n\t\t\t\t<div class=\"elementor-widget-container\">\n\t\t\t\t\t\t\t\t\t\t\t\t\t\t\t<img loading=\"lazy\" decoding=\"async\" width=\"700\" height=\"700\" src=\"https:\/\/digilex.store\/wp-content\/uploads\/2026\/04\/sistem-neli.jpg\" class=\"attachment-large size-large wp-image-1622\" alt=\"\" srcset=\"https:\/\/digilex.store\/wp-content\/uploads\/2026\/04\/sistem-neli.jpg 700w, https:\/\/digilex.store\/wp-content\/uploads\/2026\/04\/sistem-neli-300x300.jpg 300w, https:\/\/digilex.store\/wp-content\/uploads\/2026\/04\/sistem-neli-150x150.jpg 150w\" sizes=\"(max-width: 700px) 100vw, 700px\" \/>\t\t\t\t\t\t\t\t\t\t\t\t\t\t\t<\/div>\n\t\t\t\t<\/div>\n\t\t\t\t<\/div>\n\t\t\t\t\t<\/div>\n\t\t\t\t<\/div>\n\t\t<div class=\"elementor-element elementor-element-79af5a09 e-flex e-con-boxed e-con e-parent\" data-id=\"79af5a09\" data-element_type=\"container\" data-e-type=\"container\">\n\t\t\t\t\t<div class=\"e-con-inner\">\n\t\t\t\t<div class=\"elementor-element elementor-element-5f5b62a0 elementor-widget elementor-widget-heading\" data-id=\"5f5b62a0\" data-element_type=\"widget\" data-e-type=\"widget\" data-widget_type=\"heading.default\">\n\t\t\t\t<div class=\"elementor-widget-container\">\n\t\t\t\t\t<h3 class=\"elementor-heading-title elementor-size-default\">Imate novi projekat? Kontaktirajte nas\n<\/h3>\t\t\t\t<\/div>\n\t\t\t\t<\/div>\n\t\t\t\t<div class=\"elementor-element elementor-element-5e818df1 elementor-widget elementor-widget-text-editor\" data-id=\"5e818df1\" data-element_type=\"widget\" data-e-type=\"widget\" data-widget_type=\"text-editor.default\">\n\t\t\t\t<div class=\"elementor-widget-container\">\n\t\t\t\t\t\t\t\t\t<p><span style=\"font-weight: 400;\">Ako planirate opremanje kontrolnog ili nadzornog centra ili unapre\u0111enje postoje\u0107eg sistema za prikaz i upravljanje informacijama, MOS-AV tim mo\u017ee pomo\u0107i u planiranju i realizaciji odgovaraju\u0107eg audio-video re\u0161enja.<\/span><\/p><p><span style=\"font-weight: 400;\">Kontaktirajte nas kako bismo razgovarali o tehni\u010dkim zahtevima va\u0161eg projekta i mogu\u0107im re\u0161enjima.<\/span><\/p>\t\t\t\t\t\t\t\t<\/div>\n\t\t\t\t<\/div>\n\t\t\t\t<div class=\"elementor-element elementor-element-190f60f8 elementor-button-align-stretch elementor-widget elementor-widget-form\" data-id=\"190f60f8\" data-element_type=\"widget\" data-e-type=\"widget\" data-settings=\"{&quot;button_width&quot;:&quot;30&quot;,&quot;step_next_label&quot;:&quot;\\u0421\\u043b\\u0435\\u0434\\u0435\\u045b\\u0438&quot;,&quot;step_previous_label&quot;:&quot;\\u041f\\u0440\\u0435\\u0442\\u0445\\u043e\\u0434\\u043d\\u0430&quot;,&quot;step_type&quot;:&quot;number_text&quot;,&quot;step_icon_shape&quot;:&quot;circle&quot;}\" data-widget_type=\"form.default\">\n\t\t\t\t<div class=\"elementor-widget-container\">\n\t\t\t\t\t\t\t<form class=\"elementor-form\" method=\"post\" name=\"New Form\" aria-label=\"New Form\">\n\t\t\t<input type=\"hidden\" name=\"post_id\" value=\"1420\"\/>\n\t\t\t<input type=\"hidden\" name=\"form_id\" value=\"190f60f8\"\/>\n\t\t\t<input type=\"hidden\" name=\"referer_title\" value=\"Kontrolni i nadzorni centri\" \/>\n\n\t\t\t\t\t\t\t<input type=\"hidden\" name=\"queried_id\" value=\"1420\"\/>\n\t\t\t\n\t\t\t<div class=\"elementor-form-fields-wrapper elementor-labels-\">\n\t\t\t\t\t\t\t\t<div class=\"elementor-field-type-text elementor-field-group elementor-column elementor-field-group-name elementor-col-100\">\n\t\t\t\t\t\t\t\t\t\t\t\t<label for=\"form-field-name\" class=\"elementor-field-label elementor-screen-only\">\n\t\t\t\t\t\t\t\tIme i prezime\t\t\t\t\t\t\t<\/label>\n\t\t\t\t\t\t\t\t\t\t\t\t\t\t<input size=\"1\" type=\"text\" name=\"form_fields[name]\" id=\"form-field-name\" class=\"elementor-field elementor-size-sm  elementor-field-textual\" placeholder=\"Ime i prezime\">\n\t\t\t\t\t\t\t\t\t\t\t<\/div>\n\t\t\t\t\t\t\t\t<div class=\"elementor-field-type-text elementor-field-group elementor-column elementor-field-group-field_6977926 elementor-col-100\">\n\t\t\t\t\t\t\t\t\t\t\t\t<label for=\"form-field-field_6977926\" class=\"elementor-field-label elementor-screen-only\">\n\t\t\t\t\t\t\t\tNaziv firme\t\t\t\t\t\t\t<\/label>\n\t\t\t\t\t\t\t\t\t\t\t\t\t\t<input size=\"1\" type=\"text\" name=\"form_fields[field_6977926]\" id=\"form-field-field_6977926\" class=\"elementor-field elementor-size-sm  elementor-field-textual\" placeholder=\"Naziv firme\">\n\t\t\t\t\t\t\t\t\t\t\t<\/div>\n\t\t\t\t\t\t\t\t<div class=\"elementor-field-type-email elementor-field-group elementor-column elementor-field-group-email elementor-col-100 elementor-field-required\">\n\t\t\t\t\t\t\t\t\t\t\t\t<label for=\"form-field-email\" class=\"elementor-field-label elementor-screen-only\">\n\t\t\t\t\t\t\t\tEmail\t\t\t\t\t\t\t<\/label>\n\t\t\t\t\t\t\t\t\t\t\t\t\t\t<input size=\"1\" type=\"email\" name=\"form_fields[email]\" id=\"form-field-email\" class=\"elementor-field elementor-size-sm  elementor-field-textual\" placeholder=\"Email\" required=\"required\">\n\t\t\t\t\t\t\t\t\t\t\t<\/div>\n\t\t\t\t\t\t\t\t<div class=\"elementor-field-type-textarea elementor-field-group elementor-column elementor-field-group-message elementor-col-100\">\n\t\t\t\t\t\t\t\t\t\t\t\t<label for=\"form-field-message\" class=\"elementor-field-label elementor-screen-only\">\n\t\t\t\t\t\t\t\tVa\u0161a poruka\t\t\t\t\t\t\t<\/label>\n\t\t\t\t\t\t<textarea class=\"elementor-field-textual elementor-field  elementor-size-sm\" name=\"form_fields[message]\" id=\"form-field-message\" rows=\"4\" placeholder=\"Va\u0161a poruka\"><\/textarea>\t\t\t\t<\/div>\n\t\t\t\t\t\t\t\t<div class=\"elementor-field-group elementor-column elementor-field-type-submit elementor-col-30 e-form__buttons\">\n\t\t\t\t\t<button class=\"elementor-button elementor-size-sm\" type=\"submit\">\n\t\t\t\t\t\t<span class=\"elementor-button-content-wrapper\">\n\t\t\t\t\t\t\t\t\t\t\t\t\t\t\t\t\t\t\t\t\t\t<span class=\"elementor-button-text\">Po\u0161alji<\/span>\n\t\t\t\t\t\t\t\t\t\t\t\t\t<\/span>\n\t\t\t\t\t<\/button>\n\t\t\t\t<\/div>\n\t\t\t<\/div>\n\t\t<\/form>\n\t\t\t\t\t\t<\/div>\n\t\t\t\t<\/div>\n\t\t\t\t\t<\/div>\n\t\t\t\t<\/div>\n\t\t\t\t<\/div>\n\t\t","protected":false},"excerpt":{"rendered":"<p>AV sistemi za kontrolne i nadzorne centre Kontrolni i nadzorni centri predstavljaju okru\u017eenja u kojima tehnologija mora da funkcioni\u0161e pouzdano [&hellip;]<\/p>\n","protected":false},"author":1,"featured_media":0,"parent":0,"menu_order":0,"comment_status":"closed","ping_status":"closed","template":"","meta":{"_acf_changed":false,"site-sidebar-layout":"no-sidebar","site-content-layout":"page-builder","ast-site-content-layout":"full-width-container","site-content-style":"default","site-sidebar-style":"default","ast-global-header-display":"","ast-banner-title-visibility":"","ast-main-header-display":"","ast-hfb-above-header-display":"","ast-hfb-below-header-display":"","ast-hfb-mobile-header-display":"","site-post-title":"","ast-breadcrumbs-content":"","ast-featured-img":"disabled","footer-sml-layout":"","ast-disable-related-posts":"","theme-transparent-header-meta":"","adv-header-id-meta":"","stick-header-meta":"","header-above-stick-meta":"","header-main-stick-meta":"","header-below-stick-meta":"","astra-migrate-meta-layouts":"set","ast-page-background-enabled":"default","ast-page-background-meta":{"desktop":{"background-color":"","background-image":"","background-repeat":"repeat","background-position":"center center","background-size":"auto","background-attachment":"scroll","background-type":"","background-media":"","overlay-type":"","overlay-color":"","overlay-opacity":"","overlay-gradient":""},"tablet":{"background-color":"","background-image":"","background-repeat":"repeat","background-position":"center center","background-size":"auto","background-attachment":"scroll","background-type":"","background-media":"","overlay-type":"","overlay-color":"","overlay-opacity":"","overlay-gradient":""},"mobile":{"background-color":"","background-image":"","background-repeat":"repeat","background-position":"center center","background-size":"auto","background-attachment":"scroll","background-type":"","background-media":"","overlay-type":"","overlay-color":"","overlay-opacity":"","overlay-gradient":""}},"ast-content-background-meta":{"desktop":{"background-color":"var(--ast-global-color-5)","background-image":"","background-repeat":"repeat","background-position":"center center","background-size":"auto","background-attachment":"scroll","background-type":"","background-media":"","overlay-type":"","overlay-color":"","overlay-opacity":"","overlay-gradient":""},"tablet":{"background-color":"var(--ast-global-color-5)","background-image":"","background-repeat":"repeat","background-position":"center center","background-size":"auto","background-attachment":"scroll","background-type":"","background-media":"","overlay-type":"","overlay-color":"","overlay-opacity":"","overlay-gradient":""},"mobile":{"background-color":"var(--ast-global-color-5)","background-image":"","background-repeat":"repeat","background-position":"center center","background-size":"auto","background-attachment":"scroll","background-type":"","background-media":"","overlay-type":"","overlay-color":"","overlay-opacity":"","overlay-gradient":""}},"footnotes":""},"class_list":["post-1420","page","type-page","status-publish","hentry"],"acf":[],"_links":{"self":[{"href":"https:\/\/digilex.store\/en\/wp-json\/wp\/v2\/pages\/1420","targetHints":{"allow":["GET"]}}],"collection":[{"href":"https:\/\/digilex.store\/en\/wp-json\/wp\/v2\/pages"}],"about":[{"href":"https:\/\/digilex.store\/en\/wp-json\/wp\/v2\/types\/page"}],"author":[{"embeddable":true,"href":"https:\/\/digilex.store\/en\/wp-json\/wp\/v2\/users\/1"}],"replies":[{"embeddable":true,"href":"https:\/\/digilex.store\/en\/wp-json\/wp\/v2\/comments?post=1420"}],"version-history":[{"count":7,"href":"https:\/\/digilex.store\/en\/wp-json\/wp\/v2\/pages\/1420\/revisions"}],"predecessor-version":[{"id":1731,"href":"https:\/\/digilex.store\/en\/wp-json\/wp\/v2\/pages\/1420\/revisions\/1731"}],"wp:attachment":[{"href":"https:\/\/digilex.store\/en\/wp-json\/wp\/v2\/media?parent=1420"}],"curies":[{"name":"wp","href":"https:\/\/api.w.org\/{rel}","templated":true}]}}